{"id":411,"date":"2026-02-07T10:43:17","date_gmt":"2026-02-07T10:43:17","guid":{"rendered":"https:\/\/multizen.es\/?page_id=411"},"modified":"2026-02-28T10:19:03","modified_gmt":"2026-02-28T10:19:03","slug":"aviso-legal","status":"publish","type":"page","link":"https:\/\/multizen.es\/?page_id=411","title":{"rendered":"Aviso legal"},"content":{"rendered":"\t\t<div data-elementor-type=\"wp-page\" data-elementor-id=\"411\" class=\"elementor elementor-411\" data-elementor-post-type=\"page\">\n\t\t\t\t<div class=\"elementor-element elementor-element-4ec4dca e-flex e-con-boxed e-con e-parent\" data-id=\"4ec4dca\" data-element_type=\"container\" data-e-type=\"container\" data-settings=\"{&quot;jet_parallax_layout_list&quot;:[]}\">\n\t\t\t\t\t<div class=\"e-con-inner\">\n\t\t\t\t<div class=\"elementor-element elementor-element-430e8ac elementor-widget elementor-widget-heading\" data-id=\"430e8ac\" data-element_type=\"widget\" data-e-type=\"widget\" data-widget_type=\"heading.default\">\n\t\t\t\t\t<h2 class=\"elementor-heading-title elementor-size-default\">Aviso legal<\/h2>\t\t\t\t<\/div>\n\t\t\t\t<div class=\"elementor-element elementor-element-63c4b12 elementor-widget elementor-widget-text-editor\" data-id=\"63c4b12\" data-element_type=\"widget\" data-e-type=\"widget\" data-widget_type=\"text-editor.default\">\n\t\t\t\t\t\t\t\t\t<p data-start=\"143\" data-end=\"347\"><strong>Titularidad<\/strong><br data-start=\"154\" data-end=\"157\" \/>Se informa a los usuarios de la presente p\u00e1gina web, en adelante Usuario, que el titular del website <a class=\"decorated-link cursor-pointer\" target=\"_new\" rel=\"noopener\" data-start=\"258\" data-end=\"273\">www.multizen.es<\/a>, en adelante Sitio Web, es MERCEDES MURO RUIZ PEINADO, con NIF 50871394V.<\/p><p data-start=\"349\" data-end=\"682\"><strong>Condiciones de Uso<\/strong><br data-start=\"367\" data-end=\"370\" \/>El acceso al Sitio Web es libre y gratuito siempre que el usuario acepte las condiciones de uso que se le muestren al entrar seg\u00fan la legislaci\u00f3n vigente. Si el usuario se suscribe a cualquier servicio del Sitio Web lo har\u00e1 aceptando las Condiciones de Uso y Pol\u00edtica de Privacidad y Cookies que se le mostrar\u00e1n.<\/p><p data-start=\"684\" data-end=\"871\"><strong>Veracidad de los datos<\/strong><br data-start=\"706\" data-end=\"709\" \/>El Usuario reconoce que los datos suministrados son veraces y ciertos, comprometi\u00e9ndose a notificar cualquier cambio o modificaci\u00f3n que se produzca en los mismos.<\/p><p data-start=\"873\" data-end=\"1001\"><strong>Modificaci\u00f3n del servicio<\/strong><br data-start=\"898\" data-end=\"901\" \/>Sitio Web se reserva el derecho de modificar o eliminar los servicios que ofrece a trav\u00e9s de la web.<\/p><p data-start=\"1003\" data-end=\"1173\"><strong>Normas generales de uso<\/strong><br data-start=\"1026\" data-end=\"1029\" \/>El Usuario se obliga a utilizar este Sitio Web de forma diligente, correcta y respetuosa, en especial cuando publique opiniones y\/o comentarios.<\/p><p data-start=\"1175\" data-end=\"1263\">Asimismo, se obliga a t\u00edtulo meramente enunciativo a no realizar comentarios o acciones:<\/p><p data-start=\"1265\" data-end=\"1820\">Difamatorios, inexactos, falsos, abusivos, injuriosos, obscenos, irreverentes, ofensivos, insultantes, t\u00e1cita o expresamente sexuales, amenazantes, acosadores, racistas, sexistas, discriminatorios por cualquier motivo, que atenten contra la moral, el orden p\u00fablico, los derechos fundamentales, las libertas p\u00fablicas, el honor, la intimidad o la imagen de terceros y en general la normativa vigente, y\/o ilegales o infractores de derechos de terceros (por ejemplo, p.e., derechos de propiedad industrial e intelectual; derechos de privacidad o publicidad).<\/p><p data-start=\"1822\" data-end=\"2063\">Transmisores de correo basura, \u201cSPAM\u201d, mensajes con fines comerciales, \u201ccartas en cadena\u201d o mailings masivos no solicitados, falsos, enga\u00f1osos o promuevan actividades ilegales o conducta grosera, amenazante, obscena, difamatoria o injuriosa.<\/p><p data-start=\"2065\" data-end=\"2129\">Que suministren informaci\u00f3n pr\u00e1ctica sobre actividades ilegales.<\/p><ul><li data-start=\"2131\" data-end=\"2247\">Que conlleven cualquier actividad comercial, publicidad o ventas, incluso aunque no haya contraprestaci\u00f3n monetaria.<\/li><li data-start=\"2249\" data-end=\"2388\">Que contengan datos de car\u00e1cter personal sobre terceras personas que requieran el consentimiento del propietario o titular de los derechos.<\/li><\/ul><p data-start=\"2390\" data-end=\"2631\">El Usuario responder\u00e1 frente a Sitio Web o frente a cualquier tercero, de cualesquiera da\u00f1os y perjuicios que pudieran causarse como consecuencia del incumplimiento de dicha obligaci\u00f3n. Sitio Web no interviene los contenidos de los Usuarios.<\/p><p data-start=\"2633\" data-end=\"3228\"><strong>Propiedad intelectual<\/strong><br data-start=\"2654\" data-end=\"2657\" \/>Mediante estas condiciones legales no se cede ning\u00fan derecho de propiedad intelectual o industrial sobre este Sitio Web y sus contenidos (fotograf\u00edas, v\u00eddeos, creaciones, textos,\u2026). Quedando expresamente prohibido al usuario la reproducci\u00f3n, transformaci\u00f3n, distribuci\u00f3n, comunicaci\u00f3n p\u00fablica, puesta a disposici\u00f3n, extracci\u00f3n, reutilizaci\u00f3n, reenv\u00edo o la utilizaci\u00f3n de cualquier naturaleza, por cualquier medio o procedimiento, de cualquiera de ellos, salvo en los casos en que est\u00e9 legalmente permitido o sea autorizado por el titular de los correspondientes derechos.<\/p><p data-start=\"3230\" data-end=\"3437\"><strong>Obligaciones de Sitio Web<\/strong><br data-start=\"3255\" data-end=\"3258\" \/>Sitio Web es responsable de los servicios que presta por ella misma y de los contenidos directamente originados por la propio web e identificados con su correspondiente copyright.<\/p><p data-start=\"3439\" data-end=\"3552\">Sitio Web adoptar\u00e1 las medidas necesarias que permitan garantizar la seguridad y privacidad en la comunicaciones.<\/p><p data-start=\"3554\" data-end=\"3779\">Sitio Web se reserva el derecho a suspender temporalmente la prestaci\u00f3n del servicio sin previo aviso al Usuario, siempre y cuando sea necesario para efectuar operaciones de mantenimiento, actualizaci\u00f3n o mejora del servicio.<\/p><p data-start=\"3781\" data-end=\"3905\">Sitio Web no puede asegurar la disponibilidad y continuidad permanente del servicio web debido a interrupciones, fallos etc.<\/p>\t\t\t\t\t\t\t\t<\/div>\n\t\t\t\t\t<\/div>\n\t\t\t\t<\/div>\n\t\t\t\t<\/div>\n\t\t","protected":false},"excerpt":{"rendered":"<p>Aviso legal TitularidadSe informa a los usuarios de la presente p\u00e1gina web, en adelante Usuario, que el titular del website www.multizen.es, en adelante Sitio Web, es MERCEDES MURO RUIZ PEINADO, con NIF 50871394V. Condiciones de UsoEl acceso al Sitio Web es libre y gratuito siempre que el usuario acepte las condiciones de uso que se [&hellip;]<\/p>\n","protected":false},"author":1,"featured_media":0,"parent":0,"menu_order":0,"comment_status":"closed","ping_status":"closed","template":"","meta":{"footnotes":""},"class_list":["post-411","page","type-page","status-publish","hentry"],"_links":{"self":[{"href":"https:\/\/multizen.es\/index.php?rest_route=\/wp\/v2\/pages\/411","targetHints":{"allow":["GET"]}}],"collection":[{"href":"https:\/\/multizen.es\/index.php?rest_route=\/wp\/v2\/pages"}],"about":[{"href":"https:\/\/multizen.es\/index.php?rest_route=\/wp\/v2\/types\/page"}],"author":[{"embeddable":true,"href":"https:\/\/multizen.es\/index.php?rest_route=\/wp\/v2\/users\/1"}],"replies":[{"embeddable":true,"href":"https:\/\/multizen.es\/index.php?rest_route=%2Fwp%2Fv2%2Fcomments&post=411"}],"version-history":[{"count":7,"href":"https:\/\/multizen.es\/index.php?rest_route=\/wp\/v2\/pages\/411\/revisions"}],"predecessor-version":[{"id":449,"href":"https:\/\/multizen.es\/index.php?rest_route=\/wp\/v2\/pages\/411\/revisions\/449"}],"wp:attachment":[{"href":"https:\/\/multizen.es\/index.php?rest_route=%2Fwp%2Fv2%2Fmedia&parent=411"}],"curies":[{"name":"wp","href":"https:\/\/api.w.org\/{rel}","templated":true}]}}